{"id":120,"date":"2020-07-25T11:35:42","date_gmt":"2020-07-25T09:35:42","guid":{"rendered":"https:\/\/www.lifestylecoachaanhuis.nl\/wp_test_weDDboQs\/?page_id=120"},"modified":"2026-02-14T13:13:07","modified_gmt":"2026-02-14T11:13:07","slug":"ik-wil-een-workshop","status":"publish","type":"page","link":"https:\/\/www.lifestylecoachaanhuis.nl\/?page_id=120","title":{"rendered":"Ik wil een masterclass of workshop volgen"},"content":{"rendered":"<p><img loading=\"lazy\" decoding=\"async\" class=\"alignnone size-medium wp-image-439\" src=\"https:\/\/www.lifestylecoachaanhuis.nl\/wp-content\/uploads\/2022\/06\/2022-06-04_AnnetvanOss-Pijnvrij_0060B-300x200.jpg\" alt=\"\" width=\"300\" height=\"200\" srcset=\"https:\/\/www.lifestylecoachaanhuis.nl\/wp-content\/uploads\/2022\/06\/2022-06-04_AnnetvanOss-Pijnvrij_0060B-300x200.jpg 300w, https:\/\/www.lifestylecoachaanhuis.nl\/wp-content\/uploads\/2022\/06\/2022-06-04_AnnetvanOss-Pijnvrij_0060B-1024x683.jpg 1024w, https:\/\/www.lifestylecoachaanhuis.nl\/wp-content\/uploads\/2022\/06\/2022-06-04_AnnetvanOss-Pijnvrij_0060B-768x512.jpg 768w, https:\/\/www.lifestylecoachaanhuis.nl\/wp-content\/uploads\/2022\/06\/2022-06-04_AnnetvanOss-Pijnvrij_0060B-1536x1024.jpg 1536w, https:\/\/www.lifestylecoachaanhuis.nl\/wp-content\/uploads\/2022\/06\/2022-06-04_AnnetvanOss-Pijnvrij_0060B-2048x1365.jpg 2048w\" sizes=\"auto, (max-width: 300px) 100vw, 300px\" \/><\/p>\n<p><u><strong>Masterclass &#8220;Hoe functioneel is functioneel trainen&#8221; in 2026<\/strong><\/u><\/p>\n<p>Yes. Deze Masterclass is je kans! Kom ontdekken en inspiratie opdoen voor je dagelijks werk.<\/p>\n<p>We gaan onderzoeken wat er over het algemeen onder functioneel trainen wordt verstaan. Op welke manier sluit dat aan bij ons biologische ontwerp? En, op welke manier sluit dat aan bij de dagelijkse leefomstandigheden van je klanten? We bekijken welke oefeningen gangbaar zijn en of we onze keuze van die oefeningen kunnen onderbouwen, verdiepen of heroverwegen. Je zult smullen van alle nieuwe mogelijkheden die deze Masterclass je biedt. De Gravitoss Methode verbetert de resultaten en de sportprestaties van jouw klanten!<\/p>\n<p>Je opleidingsniveau is ondergeschikt; belangrijk is dat je openstaat, dat je het aandurft om eens met een frisse blik naar je eigen oefeningenaanbod te kijken. Dat jij je wilt ontwikkelen in je vak.<\/p>\n<p>Data:<\/p>\n<ul>\n<li><strong>25 maart 2026<\/strong> (woensdagavond) van 18.30 uur tot 21.30 uur<\/li>\n<li><strong>28 maart 2026<\/strong> (zaterdagmiddag) van 13.00 uur tot 16.00 uur<\/li>\n<\/ul>\n<p>Locatie:\u00a0 \u00a0 \u00a0 \u00a0 \u00a0SCC De Biechten, in Rosmalen (tegen \u2019s-Hertogenbosch aan)<\/p>\n<p>Kosten:\u00a0 \u00a0 \u00a0 \u00a0 \u00a099 euro, inclusief alle consumpties<\/p>\n<p>Ben je aangesloten bij LIJFSTIJLCOACHES dan krijg je <em>25% korting<\/em>.<\/p>\n<p>Aanmelden: via <a href=\"https:\/\/www.lifestylecoachaanhuis.nl\/?page_id=59\">contactformulier<\/a><\/p>\n<p>Mocht je een collega mee willen brengen, dan is ook hij of zij van harte welkom.<\/p>\n<p>Laat jouw introduc\u00e9(e) zich aanmelden via het contactformulier!<\/p>\n<p>De betalingsinstructies ontvang je binnen 2 dagen na aanmelding.<\/p>\n<p>Na overmaking van de kosten, ontvang je binnen 4 werkdagen de definitieve bevestiging met alle verder informatie.<\/p>\n<p>Sportkleding is gewenst. Maximaal 20 deelnemers. Online deelnemen is eventueel mogelijk.<\/p>\n<p>&nbsp;<\/p>\n<p>&nbsp;<\/p>\n<p><u><strong>Nog meer masterclasses:\u00a0<\/strong><\/u><\/p>\n<p>De data volgen nog maar de thema&#8217;s zijn er al:<\/p>\n<ul>\n<li>Buikspieroefeningen, de do&#8217;s en dont&#8217;s en alles wat je nog niet weet over rompspieren<\/li>\n<li>Rotatie-sporters begeleiden naar betere prestaties<\/li>\n<li>Rugklachten: help je klanten er vanaf<\/li>\n<li>Stijfheid en beweegbeperking: wat is de oorzaak? En hoe los je het op zonder te stretchen?<\/li>\n<\/ul>\n<p>Welke masterclass spreekt jou direct aan? Laat je interesse alvast blijken en vermeld of je voorkeur uitgaat naar\u00a0 een zaterdagmiddag of naar een woensdagavond.<\/p>\n<p>Klik op <a href=\"https:\/\/www.lifestylecoachaanhuis.nl\/?page_id=59\">IK HEB INTERESSE<\/a><\/p>\n<p>&nbsp;<\/p>\n<p><u><strong>Thema-avond Stressincontinentie<\/strong> (urineverlies bij sport of bewegen): <strong>woensdagavond 4 september 2024<\/strong><\/u><\/p>\n<p>Een boeiende avond over een veel voorkomend probleem: urineverlies. In vaktermen stressincontinentie genoemd. En dan bedoel ik specifiek urineverlies tijdens sporten of bij onverwachte bewegingen. Of als je een wat langere wandeling maakt.<br \/>\nHet komt ontzettend veel voor&#8230; en toch praten vrouwen er onderling zelden over. Ze dragen het ongemak in stilte. Of ze stoppen daardoor met sporten! Beweegangst. Eeuwig zonde.<br \/>\nDeskundigen zeggen dat &#8216;het erbij hoort&#8217;\u00a0 en dat &#8216;het normaal is&#8217;&#8230; maar daar ben ik het absoluut niet mee eens!<br \/>\nOp deze avond ga ik jullie vertellen hoe bewegen werkt en wat de relatie is tussen je beweegpatroon in beweegketens en je bekkenbodem. Natuurlijk vertel ik ook hoe eenvoudige oefeningen urineverlies kunnen beperken of zelfs helemaal kunnen laten verdwijnen. In mijn praktijk waar ik al jaren mensen help met pijn en blessures, komt dat vaak voor, als prettige bijvangst. \ud83d\ude00<\/p>\n<p>Deze avond is met name interessant voor fysiotherapeuten, bekkenfysiotherapeuten, krachttrainers, voetbaltrainers, hockeytrainers, tennistrainers, atletiektrainers, personal trainers en alle andere sport- en beweegdocenten. Maar als je een andere achtergrond hebt en ge\u00efnteresseerd bent in dit onderwerp ben je ook van harte welkom!<\/p>\n<p><strong>Opgeven is noodzakelijk<\/strong>, want er kunnen maar maximaal 20 mensen deelnemen. Zo is er voldoende tijd en ruimte om al jullie vragen zorgvuldig te beantwoorden. Vol is vol.<\/p>\n<p><strong>Kosten<\/strong>: <strong>28<\/strong> euro per deelnemer. Consumpties zijn bij deze prijs inbegrepen.<\/p>\n<p><strong><em>Let op: aanmelding is mogelijk tot en met 14 augustus 2024<\/em><\/strong><\/p>\n<p>Over de betaling: na je aanmelding ontvang je binnen 4 werkdagen een bevestiging. Na 14 augustus krijg je dan nog een keer een mailtje van mij met daarin een betaalverzoek, alle gegevens en alle informatie.<\/p>\n<h4 class=\"null\">Klik <a href=\"https:\/\/www.lifestylecoachaanhuis.nl\/?page_id=59\">hier<\/a> om je op te geven<\/h4>\n<p>&nbsp;<\/p>\n<p>Stel je vragen via\u00a0 \u00a0 <a class=\"maxbutton-5 maxbutton maxbutton-ik-wil-meer-informatie-vragen-knop\" href=\"https:\/\/www.lifestylecoachaanhuis.nl\/?page_id=59\"><span class='mb-text'>Ik heb interesse<\/span><\/a><\/p>\n<p>Bellen mag natuurlijk ook.\u00a0 \u00a0 <a class=\"maxbutton-4 maxbutton maxbutton-bel-annet-knop-voor-onderop-elke-pagina\" href=\"tel:0655542872\"><span class='mb-text'>Bel Annet<\/span><\/a><\/p>\n<p>&nbsp;<\/p>\n<p><u>Workshop rugklachten: <strong>woensdagavond 31 januari 2024<\/strong><\/u><\/p>\n<p><u>Workshop heupklachten: <strong>woensdagavond 28 februari 2024<\/strong><\/u><\/p>\n<p><u>Workshop Het diafragma, onze mooiste spier: <strong>woensdagavond 20 maart 2024<\/strong><\/u><\/p>\n<p>De golfer, de voetballer, de tennisser, de hockeyer, de hardloper. Pijnklachten komen veel voor en belemmeren de prestatie en het plezier. Ook bij mensen die in de sportschool trainen, treden na 3 tot 6 maanden blessures op. Hoe help je je cli\u00ebnt het snelst en het best? In al deze thema-workshops, die je los van elkaar kunt volgen, leer ik je welke testen je moet afnemen en vervolgens welke stappen je moet volgen om je cli\u00ebnt weer pijnvrij te laten bewegen of sporten.<\/p>\n<p>Deze workshops zijn voor beweegprofessionals en kosten 120 euro, incl btw. De avond bestaat voor een derde uit theorie en tweederde praktijk. Lekker veel oefenen, zodat je meteen aan de slag kunt.<\/p>\n<p>&nbsp;<\/p>\n<p>&nbsp;<\/p>\n<p><u>Workshop pijnklachten bij mensen met een zittend beroep<\/u><\/p>\n<p>Ja! Ook deze workshop zal jij als trainer of therapeut van smullen! Die coach-potato, die chauffeur, die bankhanger, die laptop-topper? Pijnklachten komen vaak voor! En ze zijn heel eenvoudig te verhelpen, met de Gravitoss Methode. Checken, aanleren, huiswerk uitkiezen en hoppa! Je cli\u00ebnt kan de rest van zijn of haar leven zichzelf helpen, is jou eeuwig dankbaar en zal dat maar wat graag rondvertellen.<\/p>\n<p>&nbsp;<\/p>\n<p><u>Workshop &#8216;Pijn&#8217;<\/u><\/p>\n<p>Pijn en chronisch pijn. Pijn bij bewegen. Er is veel over te doen en veel over te lezen. Ik voel me de meest levendige mens op aarde als ik over dit onderwerp praat! Want ik heb iets ontdekt. En met mijn ontdekking een nieuwe methode ontwikkeld: de Gravitoss Methode. Ik kom er elke dag bruisend mijn bed voor uit. Delen! Dat is wat ik wil. M\u00e9\u00e9r mensen bereiken zodat m\u00e9\u00e9r mensen geholpen kunnen worden.<\/p>\n<p>Je kunt mij boeken. Dan kun je alles horen over mijn visie en ontdekking. En mijn methode aan den lijve ondervinden. Theorie en praktijk ineen.<\/p>\n<p>Het is prettig als je over basiskennis van het beweegapparaat beschikt, maar noodzakelijk is het niet. Ik ga vertellen over baby&#8217;s en over zwaartekracht en over een schommel en een notenkraker. De onderbouwing van mijn methode is namelijk gebaseerd op het neuro-reflectoir systeem, biomechanica en ontogenese. Natuurkunde en biologie dus. Ik vertel je over de drie universele voorwaarden voor pijnvrij bewegen<\/p>\n<p>Werk je in de vergoede zorg met mensen met chronisch pijn?\u00a0 Dan is wat je bij mij leert volledig aanvullend op wat je al biedt. En hands-off. Direct toe te passen.<\/p>\n<p>Ben je trainer of geef je beweeglessen? Ook dan heb je veel aan deze workshop! Na afloop kijk je op een nieuwe manier naar bewegen en bruis je van inspiratie.<\/p>\n<p>&nbsp;<\/p>\n<p>Heb ik je nieuwsgierig gemaakt?\u00a0 \u00a0 \u00a0<a class=\"maxbutton-4 maxbutton maxbutton-bel-annet-knop-voor-onderop-elke-pagina\" href=\"tel:0655542872\"><span class='mb-text'>Bel Annet<\/span><\/a><\/p>\n<p>Of stel je vragen via\u00a0 \u00a0 <a class=\"maxbutton-5 maxbutton maxbutton-ik-wil-meer-informatie-vragen-knop\" href=\"https:\/\/www.lifestylecoachaanhuis.nl\/?page_id=59\"><span class='mb-text'>Ik wil meer informatie<\/span><\/a><\/p>\n<p>&nbsp;<\/p>\n<p><u>Workshop &#8216;Blessures&#8217;<\/u><br \/>\nVervelend&#8230; onvermijdelijk? Nee! In deze workshop kom je alles te weten over de nieuwste inzichten over het ontstaan van blessures. En natuurlijk ga ik je ook leren hoe je ze kunt voorkomen! Voor deze workshop is geen specifieke voorkennis vereist, maar ik ga er van uit dat je zelf ervaring hebt met sport of sportlessen en training geeft. Een open mind is het belangrijkste. De workshop bestaat uit een theoretisch deel en een praktijk deel. No sweat \ud83d\ude09 Wel gemakkelijke kleding aantrekken en een matje meenemen.<\/p>\n<p>Ik kom deze workshop graag bij je geven, op jouw locatie. Dan hoeven je werknemers niet te reizen en kun je deze workshop gemakkelijk inplannen in het lesrooster.<\/p>\n<p>Bellen is het handigst!\u00a0 \u00a0 \u00a0<a class=\"maxbutton-4 maxbutton maxbutton-bel-annet-knop-voor-onderop-elke-pagina\" href=\"tel:0655542872\"><span class='mb-text'>Bel Annet<\/span><\/a><\/p>\n<p>&nbsp;<\/p>\n<p>&nbsp;<\/p>\n<p><u>Workshop Duurzame inzetbaarheid<\/u><br \/>\nHet komt in ieders leven voor: je zult een water moeten oversteken. Zonder brug zal je misschien moeten zwemmen. Geen probleem als je over goede zwemvaardigheden beschikt. Maar wat als je nou niet zo goed of helemaal niet kunt zwemmen? Wat als je halverwege dreigt te verdrinken? Helpt het dan als mensen aan de kant tegen je roepen dat je op zwemles had moeten gaan?<br \/>\nUw goed bedoelde (en vaak kostbare!) interventies werken het minst bij de doelgroep waarvoor u ze het meest heeft bedoeld.<br \/>\nHoe komt dat? En wat te doen aan de zorgwekkende verzuim- en verloopcijfers?<\/p>\n<p>In deze workshop voor HRM, P&amp;O medewerkers en verzuimco\u00f6rdinatoren ontdekken uw medewerkers dat het anders kan.<br \/>\nHoe? Ik vertel het u graag in een persoonlijk contact. De workshop maak ik graag op maat. Uw medewerkers zullen na afloop boordevol inspiratie opgetogen aan de slag gaan.\u00a0 \u00a0<a class=\"maxbutton-4 maxbutton maxbutton-bel-annet-knop-voor-onderop-elke-pagina\" href=\"tel:0655542872\"><span class='mb-text'>Bel Annet<\/span><\/a><\/p>\n<p>&nbsp;<\/p>\n<p><img loading=\"lazy\" decoding=\"async\" class=\"alignnone size-medium wp-image-693\" src=\"https:\/\/www.lifestylecoachaanhuis.nl\/wp-content\/uploads\/2023\/05\/2022-06-04_AnnetvanOss-Pijnvrij_0034B-1-300x225.jpg\" alt=\"\" width=\"300\" height=\"225\" srcset=\"https:\/\/www.lifestylecoachaanhuis.nl\/wp-content\/uploads\/2023\/05\/2022-06-04_AnnetvanOss-Pijnvrij_0034B-1-300x225.jpg 300w, https:\/\/www.lifestylecoachaanhuis.nl\/wp-content\/uploads\/2023\/05\/2022-06-04_AnnetvanOss-Pijnvrij_0034B-1-1024x768.jpg 1024w, https:\/\/www.lifestylecoachaanhuis.nl\/wp-content\/uploads\/2023\/05\/2022-06-04_AnnetvanOss-Pijnvrij_0034B-1-768x576.jpg 768w, https:\/\/www.lifestylecoachaanhuis.nl\/wp-content\/uploads\/2023\/05\/2022-06-04_AnnetvanOss-Pijnvrij_0034B-1-1536x1152.jpg 1536w, https:\/\/www.lifestylecoachaanhuis.nl\/wp-content\/uploads\/2023\/05\/2022-06-04_AnnetvanOss-Pijnvrij_0034B-1-2048x1536.jpg 2048w\" sizes=\"auto, (max-width: 300px) 100vw, 300px\" \/><\/p>\n<p><u>Online Workshop &#8216;Leven&#8217;<\/u><br \/>\nLeven, dat gaat toch vanzelf? Toch hebben heel veel mensen het gevoel dat hun leven eigenlijk veel minder leuk is dan ze hadden verwacht. Dat het eigenlijk vies tegenvalt, te leven in de huidige tijd. Een gevoel van: &#8216;Is dit het nou?&#8217;<br \/>\nHerken je jezelf hierin en heb je zin om 2 uur even helemaal aan jezelf te besteden? Samen met andere ge\u00efnteresseerden? Of in je eentje, helemaal op maat?<br \/>\nDat kan allemaal!<br \/>\nNeem contact met me op. Doe mee aan deze praktische workshop. Je zult er veel herkenning vinden en natuurlijk een schat aan praktische handvatten.<br \/>\nGun jezelf dit extraatje.\u00a0 \u00a0 <a class=\"maxbutton-5 maxbutton maxbutton-ik-wil-meer-informatie-vragen-knop\" href=\"https:\/\/www.lifestylecoachaanhuis.nl\/?page_id=59\"><span class='mb-text'>Ik wil meer informatie<\/span><\/a><\/p>\n<p><u>Workshop Sportprestatie verbeteren<\/u><br \/>\nLeuke clinic of workshop voor bij jullie op de club of vereniging.<br \/>\nOf bij uw bedrijf.<br \/>\nWant deze workshop is voor\u00a0<b>iedereen die iets met sport heeft<\/b>\u00a0leuk en nuttig om te doen.<br \/>\nOok specifieke thema&#8217;s mogelijk.<\/p>\n<p>&nbsp;<\/p>\n<p>Stel je vragen via\u00a0 \u00a0 <a class=\"maxbutton-5 maxbutton maxbutton-ik-wil-meer-informatie-vragen-knop\" href=\"https:\/\/www.lifestylecoachaanhuis.nl\/?page_id=59\"><span class='mb-text'>Ik heb interesse<\/span><\/a><\/p>\n<p>Bellen mag natuurlijk ook.\u00a0 \u00a0 <a class=\"maxbutton-4 maxbutton maxbutton-bel-annet-knop-voor-onderop-elke-pagina\" href=\"tel:0655542872\"><span class='mb-text'>Bel Annet<\/span><\/a><\/p>\n<p>&nbsp;<\/p>\n<p><u>Workshop Slaaphygi\u00ebne<\/u><br \/>\nNachtrust.<br \/>\nWat is het en wat doet het voor je? Wat gaat er mis als je er te weinig van hebt? Of te veel?<br \/>\nIn deze workshop leg je de basis voor een vitaal leven.<\/p>\n<p><u>Workshop Vitaliteit<\/u><br \/>\nHoe belangrijk is pauzeren?<br \/>\nHoe belangrijk is slapen?<br \/>\nHoe komt het dat met hetzelfde werk sommigen onderbelast, anderen overbelast en weer anderen in balans zijn?<br \/>\nWat heeft voldoening met vitaliteit te maken?<br \/>\nWat helpt een gewoontedier te veranderen?<br \/>\nElke insteek is mogelijk, neemt u contact met mij op voor overleg.<br \/>\nEen bruisend avontuur voor uw afdeling dat &#8220;Werken is Topsport&#8221; heet.<\/p>\n<p><u>Workshop Leiden en Volgen<\/u><br \/>\nBewust worden van je communicatie in samenwerking levert plezier en groei!<br \/>\nEen erg leuke multi-functionele uitdagende workshop.<\/p>\n<p><u>Workshop aan groepslesdocenten of fitnessinstructors<\/u><br \/>\nGeeft uw groepslesdocenten of fitnessinstructors inspiratie en schoolt hen bij met de nieuwste inzichten op het gebied van trainingsleer, biomechanica, beweegpatronen, mentale gezondheid, klantenbinding, voeding en vitaliteit!<\/p>\n<p><u>Workshop Afvallen<\/u><br \/>\nAlles wat u altijd al over afvallen hebt willen weten!<br \/>\nHet jojo-effect, al die di\u00ebten, stapelgek word je er van.<br \/>\nNa deze workshop weet u precies wat u wel en niet moet doen om af te vallen!<\/p>\n<p><u>Workshop RSI\/Rugklachten<\/u><br \/>\nRusten, aangepast meubilair, spuiten en operaties?<br \/>\nIn deze interactieve workshop maakt u op een vrolijke manier kennis met de oorzaak van arbeidsgerelateerde klachten.<br \/>\nHet goede nieuws: u kunt er zelf iets aan doen!<\/p>\n<p><u>Workshop Ruiterlichaam<\/u><br \/>\nHoeveel invloed heeft jouw eigen lichaam op de beweging van je paard? Wat kan je zelf doen om jouw eigen lichaam optimaal te krijgen om paard te rijden?<br \/>\nLeuke actieve workshop voor bij u op de manege of rijvereniging.<br \/>\nVoor elke discipline, voor iedereen die vaak paardrijdt en dat zo goed mogelijk wil doen!<br \/>\nOok voor de topsport.<\/p>\n<a class=\"maxbutton-4 maxbutton maxbutton-bel-annet-knop-voor-onderop-elke-pagina\" href=\"tel:0655542872\"><span class='mb-text'>Bel Annet<\/span><\/a>\n<p>&nbsp;<\/p>\n<a class=\"maxbutton-5 maxbutton maxbutton-ik-wil-meer-informatie-vragen-knop\" href=\"https:\/\/www.lifestylecoachaanhuis.nl\/?page_id=59\"><span class='mb-text'>Ik wil meer informatie<\/span><\/a>\n","protected":false},"excerpt":{"rendered":"<div class=\"slide-text-bg2\"><span>Masterclass &#8220;Hoe functioneel is functioneel trainen&#8221; in 2026 Yes. Deze Masterclass is je kans! Kom ontdekken en inspiratie opdoen voor je dagel<\/span><\/div>\n<div class=\"slide-btn-area-sm\"><a href=\"https:\/\/www.lifestylecoachaanhuis.nl\/?page_id=120\" class=\"slide-btn-sm\">Meer lezen<\/a><\/div>\n","protected":false},"author":1,"featured_media":0,"parent":0,"menu_order":0,"comment_status":"closed","ping_status":"closed","template":"","meta":{"footnotes":""},"class_list":["post-120","page","type-page","status-publish","hentry"],"_links":{"self":[{"href":"https:\/\/www.lifestylecoachaanhuis.nl\/index.php?rest_route=\/wp\/v2\/pages\/120","targetHints":{"allow":["GET"]}}],"collection":[{"href":"https:\/\/www.lifestylecoachaanhuis.nl\/index.php?rest_route=\/wp\/v2\/pages"}],"about":[{"href":"https:\/\/www.lifestylecoachaanhuis.nl\/index.php?rest_route=\/wp\/v2\/types\/page"}],"author":[{"embeddable":true,"href":"https:\/\/www.lifestylecoachaanhuis.nl\/index.php?rest_route=\/wp\/v2\/users\/1"}],"replies":[{"embeddable":true,"href":"https:\/\/www.lifestylecoachaanhuis.nl\/index.php?rest_route=%2Fwp%2Fv2%2Fcomments&post=120"}],"version-history":[{"count":99,"href":"https:\/\/www.lifestylecoachaanhuis.nl\/index.php?rest_route=\/wp\/v2\/pages\/120\/revisions"}],"predecessor-version":[{"id":1063,"href":"https:\/\/www.lifestylecoachaanhuis.nl\/index.php?rest_route=\/wp\/v2\/pages\/120\/revisions\/1063"}],"wp:attachment":[{"href":"https:\/\/www.lifestylecoachaanhuis.nl\/index.php?rest_route=%2Fwp%2Fv2%2Fmedia&parent=120"}],"curies":[{"name":"wp","href":"https:\/\/api.w.org\/{rel}","templated":true}]}}